{"id":6191,"date":"2026-01-03T14:51:07","date_gmt":"2026-01-03T07:51:07","guid":{"rendered":"https:\/\/thinhvuonghome.vn\/greenskyline\/?page_id=6191"},"modified":"2026-01-03T14:51:07","modified_gmt":"2026-01-03T07:51:07","slug":"dieu-khoan-su-dung","status":"publish","type":"page","link":"https:\/\/thinhvuonghome.vn\/greenskyline\/dieu-khoan-su-dung\/","title":{"rendered":"\u0110i\u1ec1u Kho\u1ea3n S\u1eed D\u1ee5ng"},"content":{"rendered":"<h2><span id=\"Dieu_Khoan_Su_Dung\" style=\"font-family: 'times new roman', times, serif; font-size: 120%;\"><span id=\"Dieu_Khoan_Su_Dung_HiLand\">\u0110i\u1ec1u Kho\u1ea3n S\u1eed D\u1ee5ng<\/span><\/span><\/h2>\n<ul>\n<li><span style=\"font-family: 'times new roman', times, serif; font-size: 120%;\">Ch\u00e0o m\u1eebng b\u1ea1n \u0111\u1ebfn v\u1edbi <a href=\"https:\/\/thinhvuonghome.vn\/greenskyline\/\" target=\"_blank\" rel=\"noopener\">https:\/\/thinhvuonghome.vn\/greenskyline\/<\/a><\/span><\/li>\n<li><span style=\"font-family: 'times new roman', times, serif; font-size: 120%;\">C\u1ea3m \u01a1n b\u1ea1n \u0111\u00e3 s\u1eed d\u1ee5ng c\u00e1c s\u1ea3n ph\u1ea9m v\u00e0 d\u1ecbch v\u1ee5 c\u1ee7a ch\u00fang t\u00f4i<\/span><\/li>\n<li><span style=\"font-family: 'times new roman', times, serif; font-size: 120%;\">B\u1eb1ng vi\u1ec7c s\u1eed d\u1ee5ng truy c\u1eadp v\u00e0o trang website v\u00e0 n\u1eafm r\u00f5 \u0111i\u1ec1u kho\u1ea3n s\u1eed d\u1ee5ng website c\u1ee7a ch\u00fang t\u00f4i , b\u1ea1n \u0111ang \u0111\u1ed3ng \u00fd v\u1edbi c\u00e1c \u0111i\u1ec1u kho\u1ea3n n\u00e0y. Vui l\u00f2ng \u0111o\u0323c ky\u0303 ca\u0301c \u0111i\u00ea\u0300u khoa\u0309n na\u0300y.<\/span><\/li>\n<\/ul>\n<p><span style=\"font-family: 'times new roman', times, serif; font-size: 120%;\">CH\u00daNG T\u00d4I C\u00d3 TO\u00c0N QUY\u1ec0N THAY \u0110\u1ed4I N\u1ed8I DUNG C\u00c1C \u0110I\u1ec0U KHO\u1ea2N \u0110\u1ec2 PH\u00d9 H\u01a0P V\u1edaI M\u00d4 H\u00ccNH HO\u1ea0T \u0110\u1ed8NG, QUY \u0110\u1ecaNH PH\u00c1P LU\u1eacT M\u00c0 KH\u00d4NG C\u1ea6N TH\u00d4NG B\u00c1O T\u1edaI \u201cNG\u01af\u1edcI D\u00d9NG\u201d. V\u00cc V\u1eacY H\u00c3Y TH\u01af\u1edcNG XUY\u00caN TRUY C\u1eacP V\u00c0O \u0110I\u1ec0U KHO\u1ea2N S\u1eec D\u1ee4NG THEO D\u00d5I NH\u1eeeNG THAY \u0110\u1ed4I \u0110\u1ec2 \u0110\u1ea2M B\u1ea2O QUY\u1ec0N L\u1ee2I V\u00c0 NGH\u0128A V\u1ee4 C\u1ee6A B\u1ea0N.<\/span><\/p>\n<ul>\n<li><span style=\"font-family: 'times new roman', times, serif; font-size: 120%;\">\u0110\u00e2y L\u00e0 l\u00e0 s\u1ea3n ph\u1ea9m c\u1ee7a m\u1ed9t nh\u00f3m th\u00e0nh vi\u00ean kinh doanh b\u1ea5t \u0111\u1ed9ng s\u1ea3n (g\u1ecdi l\u00e0 Digital Team).<\/span><\/li>\n<li><span style=\"font-family: 'times new roman', times, serif; font-size: 120%;\">Ch\u00fang t\u00f4i th\u00e0nh l\u1eadp https:\/\/thinhvuonghome.vn\/greenskyline\/ \u2013 V\u1edbi m\u1ee5c ti\u00eau x\u00e2y d\u1ef1ng m\u1ed9t h\u1ec7 th\u1ed1ng th\u00f4ng tin chu\u1ea9n x\u00e1c v\u1ec1 b\u1ea5t \u0111\u1ed9ng s\u1ea3n nh\u01b0 bao g\u1ed3m v\u1ecb tr\u00ed, gi\u00e1 c\u1ea3, ph\u00e1p l\u00fd v\u00e0 c\u00e1c v\u1ea5n \u0111\u1ec1 li\u00ean quan.<\/span><\/li>\n<li><span style=\"font-family: 'times new roman', times, serif; font-size: 120%;\">\u0110\u00e2y l\u00e0 website chuy\u00ean cung c\u1ea5p th\u00f4ng tin v\u1ec1 th\u1ecb tr\u01b0\u1eddng b\u1ea5t \u0111\u1ed9ng s\u1ea3n.<\/span><\/li>\n<li><span style=\"font-family: 'times new roman', times, serif; font-size: 120%;\">Ch\u00fang T\u00f4i mang \u0111\u1ebfn cho ng\u01b0\u1eddi d\u00f9ng m\u1ed9t tr\u1ea3i nghi\u1ec7m ho\u00e0n h\u1ea3o v\u1ec1 vi\u1ec7c t\u00ecm ki\u1ebfm th\u00f4ng tin trong l\u0129nh v\u1ef1c B\u1ea5t \u0111\u1ed9ng s\u1ea3n.\u00a0<\/span><\/li>\n<li><span style=\"font-family: 'times new roman', times, serif; font-size: 120%;\">Ch\u00fang T\u00f4i s\u1ebd th\u01b0\u1eddng xuy\u00ean c\u1eadp nh\u1eadt t\u00ecnh th\u1ecb tr\u01b0\u1eddng, xu h\u01b0\u1edbng mua b\u00e1n b\u1ea5t \u0111\u1ed9ng s\u1ea3n \u0111\u1ec3 qu\u00fd kh\u00e1ch h\u00e0ng n\u1eafm r\u00f5.<\/span><\/li>\n<\/ul>\n<h2><span id=\"Dieu_Khoan_Su_Dung_Dich_Vu_Cua_Chung_Toi\" style=\"font-family: 'times new roman', times, serif; font-size: 120%;\"><span id=\"Dieu_Khoan_Su_Dung_HiLand_Dich_Vu_Cua_Chung_Toi\"><strong>\u0110i\u1ec1u Kho\u1ea3n S\u1eed D\u1ee5ng D\u1ecbch V\u1ee5 C\u1ee7a Ch\u00fang T\u00f4i<\/strong><\/span><\/span><\/h2>\n<ul>\n<li><span style=\"font-family: 'times new roman', times, serif; font-size: 120%;\">B\u1ea1n ph\u1ea3i tu\u00e2n th\u1ee7 m\u1ecdi ch\u00ednh s\u00e1ch \u0111\u00e3 cung c\u1ea5p cho b\u1ea1n trong ph\u1ea1m vi D\u1ecbch v\u1ee5.<\/span><\/li>\n<li><span style=\"font-family: 'times new roman', times, serif; font-size: 120%;\">Kh\u00f4ng \u0111\u01b0\u1ee3c s\u1eed d\u1ee5ng tr\u00e1i ph\u00e9p D\u1ecbch v\u1ee5 c\u1ee7a ch\u00fang t\u00f4i. B\u1ea1n ch\u1ec9 c\u00f3 th\u1ec3 s\u1eed d\u1ee5ng D\u1ecbch v\u1ee5 c\u1ee7a ch\u00fang t\u00f4i theo nh\u01b0 \u0111\u01b0\u1ee3c lu\u1eadt ph\u00e1p cho ph\u00e9p.\u00a0<\/span><\/li>\n<\/ul>\n<h2><span id=\"Bao_Ve_Su_Rieng_Tu\" style=\"font-family: 'times new roman', times, serif; font-size: 120%;\"><strong>B\u1ea3o V\u1ec7 S\u1ef1 Ri\u00eang T\u01b0\u00a0<\/strong><\/span><\/h2>\n<p><span style=\"font-family: 'times new roman', times, serif; font-size: 120%;\">Ch\u00fang T\u00f4i Cam k\u1ebft\u00a0<a href=\"https:\/\/thinhvuonghome.vn\/greenskyline\/chinh-sach-bao-mat\/\" target=\"_blank\" rel=\"noopener\">b\u1ea3o m\u1eadt th\u00f4ng tin kh\u00e1ch h\u00e0ng<\/a><\/span><\/p>\n<h2><span id=\"Sua_Doi_Va_Cham_Dut_Dich_Vu_Cua_Chung_Toi\" style=\"font-family: 'times new roman', times, serif; font-size: 120%;\"><strong>S\u1eeda \u0110\u1ed5i V\u00e0 Ch\u1ea5m D\u1ee9t D\u1ecbch V\u1ee5 C\u1ee7a Ch\u00fang T\u00f4i<\/strong><\/span><\/h2>\n<ul>\n<li><span style=\"font-family: 'times new roman', times, serif; font-size: 120%;\">Ch\u00fang t\u00f4i kh\u00f4ng ng\u1eebng thay \u0111\u1ed5i v\u00e0 c\u1ea3i ti\u1ebfn D\u1ecbch v\u1ee5 c\u1ee7a m\u00ecnh. Ch\u00fang t\u00f4i c\u00f3 th\u1ec3 th\u00eam ho\u1eb7c x\u00f3a c\u00e1c ch\u1ee9c n\u0103ng ho\u1eb7c t\u00ednh n\u0103ng v\u00e0 ch\u00fang t\u00f4i c\u0169ng c\u00f3 th\u1ec3 t\u1ea1m ng\u1eebng ho\u1eb7c ng\u1eebng ho\u00e0n to\u00e0n m\u1ed9t D\u1ecbch v\u1ee5.<\/span><\/li>\n<li><span style=\"font-family: 'times new roman', times, serif; font-size: 120%;\">Khi b\u1ea1n c\u1ea3m th\u1ea5y kh\u00f4ng h\u00e0i \u0111i\u1ec1u g\u00ec \u1edf \u0111i\u1ec1u kho\u1ea3n s\u1eed d\u1ee5ng Website. B\u1ea1n c\u00f3 th\u1ec3 ng\u1eebng s\u1eed d\u1ee5ng D\u1ecbch v\u1ee5 c\u1ee7a ch\u00fang t\u00f4i b\u1ea5t k\u1ef3 l\u00fac n\u00e0o, m\u1eb7c d\u00f9 ch\u00fang t\u00f4i s\u1ebd r\u1ea5t ti\u1ebfc khi b\u1ea1n kh\u00f4ng c\u00f2n s\u1eed d\u1ee5ng D\u1ecbch v\u1ee5 c\u1ee7a ch\u00fang t\u00f4i n\u1eefa.\u00a0<\/span><\/li>\n<li><span style=\"font-family: 'times new roman', times, serif; font-size: 120%;\">M\u1ecdi th\u1eafc xin vui l\u00f2ng li\u00ean h\u1ec7 \u0111\u01b0\u1eddng d\u00e2y n\u00f3ng website \u0111\u1ec3 \u0111\u01b0\u1ee3c h\u1ed7 tr\u1ee3.<\/span><\/li>\n<\/ul>\n","protected":false},"excerpt":{"rendered":"<p>\u0110i\u1ec1u Kho\u1ea3n S\u1eed D\u1ee5ng Ch\u00e0o m\u1eebng b\u1ea1n \u0111\u1ebfn v\u1edbi https:\/\/thinhvuonghome.vn\/greenskyline\/ C\u1ea3m \u01a1n b\u1ea1n \u0111\u00e3 s\u1eed d\u1ee5ng c\u00e1c s\u1ea3n ph\u1ea9m v\u00e0 d\u1ecbch v\u1ee5 c\u1ee7a ch\u00fang t\u00f4i B\u1eb1ng vi\u1ec7c s\u1eed d\u1ee5ng truy c\u1eadp v\u00e0o trang website v\u00e0 n\u1eafm r\u00f5 \u0111i\u1ec1u kho\u1ea3n s\u1eed d\u1ee5ng website c\u1ee7a ch\u00fang t\u00f4i , b\u1ea1n \u0111ang \u0111\u1ed3ng \u00fd v\u1edbi c\u00e1c \u0111i\u1ec1u kho\u1ea3n n\u00e0y&#8230;.<\/p>\n","protected":false},"author":5,"featured_media":0,"parent":0,"menu_order":0,"comment_status":"closed","ping_status":"closed","template":"","meta":{"_acf_changed":false,"footnotes":""},"class_list":["post-6191","page","type-page","status-publish","hentry"],"acf":[],"yoast_head":"<!-- This site is optimized with the Yoast SEO Premium plugin v26.6 (Yoast SEO v27.3) - https:\/\/yoast.com\/product\/yoast-seo-premium-wordpress\/ -->\n<title>\u0110i\u1ec1u Kho\u1ea3n S\u1eed D\u1ee5ng - GREEEN SKYLINE by TBSLAND<\/title>\n<meta name=\"robots\" content=\"index, follow, max-snippet:-1, max-image-preview:large, max-video-preview:-1\" \/>\n<link rel=\"canonical\" href=\"https:\/\/thinhvuonghome.vn\/greenskyline\/dieu-khoan-su-dung\/\" \/>\n<meta property=\"og:locale\" content=\"vi_VN\" \/>\n<meta property=\"og:type\" content=\"article\" \/>\n<meta property=\"og:title\" content=\"\u0110i\u1ec1u Kho\u1ea3n S\u1eed D\u1ee5ng\" \/>\n<meta property=\"og:description\" content=\"\u0110i\u1ec1u Kho\u1ea3n S\u1eed D\u1ee5ng Ch\u00e0o m\u1eebng b\u1ea1n \u0111\u1ebfn v\u1edbi https:\/\/thinhvuonghome.vn\/greenskyline\/ C\u1ea3m \u01a1n b\u1ea1n \u0111\u00e3 s\u1eed d\u1ee5ng c\u00e1c s\u1ea3n ph\u1ea9m v\u00e0 d\u1ecbch v\u1ee5 c\u1ee7a ch\u00fang t\u00f4i B\u1eb1ng vi\u1ec7c s\u1eed d\u1ee5ng truy c\u1eadp v\u00e0o trang website v\u00e0 n\u1eafm r\u00f5 \u0111i\u1ec1u kho\u1ea3n s\u1eed d\u1ee5ng website c\u1ee7a ch\u00fang t\u00f4i , b\u1ea1n \u0111ang \u0111\u1ed3ng \u00fd v\u1edbi c\u00e1c \u0111i\u1ec1u kho\u1ea3n n\u00e0y....\" \/>\n<meta property=\"og:url\" content=\"https:\/\/thinhvuonghome.vn\/greenskyline\/dieu-khoan-su-dung\/\" \/>\n<meta property=\"og:site_name\" content=\"GREEEN SKYLINE by TBSLAND\" \/>\n<meta name=\"twitter:card\" content=\"summary_large_image\" \/>\n<meta name=\"twitter:label1\" content=\"\u01af\u1edbc t\u00ednh th\u1eddi gian \u0111\u1ecdc\" \/>\n\t<meta name=\"twitter:data1\" content=\"3 ph\u00fat\" \/>\n<!-- \/ Yoast SEO Premium plugin. -->","yoast_head_json":{"title":"\u0110i\u1ec1u Kho\u1ea3n S\u1eed D\u1ee5ng - GREEEN SKYLINE by TBSLAND","robots":{"index":"index","follow":"follow","max-snippet":"max-snippet:-1","max-image-preview":"max-image-preview:large","max-video-preview":"max-video-preview:-1"},"canonical":"https:\/\/thinhvuonghome.vn\/greenskyline\/dieu-khoan-su-dung\/","og_locale":"vi_VN","og_type":"article","og_title":"\u0110i\u1ec1u Kho\u1ea3n S\u1eed D\u1ee5ng","og_description":"\u0110i\u1ec1u Kho\u1ea3n S\u1eed D\u1ee5ng Ch\u00e0o m\u1eebng b\u1ea1n \u0111\u1ebfn v\u1edbi https:\/\/thinhvuonghome.vn\/greenskyline\/ C\u1ea3m \u01a1n b\u1ea1n \u0111\u00e3 s\u1eed d\u1ee5ng c\u00e1c s\u1ea3n ph\u1ea9m v\u00e0 d\u1ecbch v\u1ee5 c\u1ee7a ch\u00fang t\u00f4i B\u1eb1ng vi\u1ec7c s\u1eed d\u1ee5ng truy c\u1eadp v\u00e0o trang website v\u00e0 n\u1eafm r\u00f5 \u0111i\u1ec1u kho\u1ea3n s\u1eed d\u1ee5ng website c\u1ee7a ch\u00fang t\u00f4i , b\u1ea1n \u0111ang \u0111\u1ed3ng \u00fd v\u1edbi c\u00e1c \u0111i\u1ec1u kho\u1ea3n n\u00e0y....","og_url":"https:\/\/thinhvuonghome.vn\/greenskyline\/dieu-khoan-su-dung\/","og_site_name":"GREEEN SKYLINE by TBSLAND","twitter_card":"summary_large_image","twitter_misc":{"\u01af\u1edbc t\u00ednh th\u1eddi gian \u0111\u1ecdc":"3 ph\u00fat"},"schema":{"@context":"https:\/\/schema.org","@graph":[{"@type":"WebPage","@id":"https:\/\/thinhvuonghome.vn\/greenskyline\/dieu-khoan-su-dung\/","url":"https:\/\/thinhvuonghome.vn\/greenskyline\/dieu-khoan-su-dung\/","name":"\u0110i\u1ec1u Kho\u1ea3n S\u1eed D\u1ee5ng - GREEEN SKYLINE by TBSLAND","isPartOf":{"@id":"https:\/\/thinhvuonghome.vn\/greenskyline\/#website"},"datePublished":"2026-01-03T07:51:07+00:00","breadcrumb":{"@id":"https:\/\/thinhvuonghome.vn\/greenskyline\/dieu-khoan-su-dung\/#breadcrumb"},"inLanguage":"vi","potentialAction":[{"@type":"ReadAction","target":["https:\/\/thinhvuonghome.vn\/greenskyline\/dieu-khoan-su-dung\/"]}]},{"@type":"BreadcrumbList","@id":"https:\/\/thinhvuonghome.vn\/greenskyline\/dieu-khoan-su-dung\/#breadcrumb","itemListElement":[{"@type":"ListItem","position":1,"name":"Trang ch\u1ee7","item":"https:\/\/thinhvuonghome.vn\/greenskyline\/"},{"@type":"ListItem","position":2,"name":"\u0110i\u1ec1u Kho\u1ea3n S\u1eed D\u1ee5ng"}]},{"@type":"WebSite","@id":"https:\/\/thinhvuonghome.vn\/greenskyline\/#website","url":"https:\/\/thinhvuonghome.vn\/greenskyline\/","name":"GREEN SKYLINE","description":"Hi\u1ec7n Tr\u1ea1ng, Gi\u00e1 B\u00e1n &amp; Ch\u00ednh S\u00e1ch M\u1edbi Nh\u1ea5t","publisher":{"@id":"https:\/\/thinhvuonghome.vn\/greenskyline\/#organization"},"alternateName":"D\u1ef0 \u00c1N KING HILL RESIDENCES B\u1ebeN L\u1ee8C LONG AN","potentialAction":[{"@type":"SearchAction","target":{"@type":"EntryPoint","urlTemplate":"https:\/\/thinhvuonghome.vn\/greenskyline\/?s={search_term_string}"},"query-input":{"@type":"PropertyValueSpecification","valueRequired":true,"valueName":"search_term_string"}}],"inLanguage":"vi"},{"@type":"Organization","@id":"https:\/\/thinhvuonghome.vn\/greenskyline\/#organization","name":"TBSLAND","url":"https:\/\/thinhvuonghome.vn\/greenskyline\/","logo":{"@type":"ImageObject","inLanguage":"vi","@id":"https:\/\/thinhvuonghome.vn\/greenskyline\/#\/schema\/logo\/image\/","url":"https:\/\/thinhvuonghome.vn\/greenskyline\/wp-content\/uploads\/2025\/12\/Facade-03.jpg","contentUrl":"https:\/\/thinhvuonghome.vn\/greenskyline\/wp-content\/uploads\/2025\/12\/Facade-03.jpg","width":2000,"height":1126,"caption":"TBSLAND"},"image":{"@id":"https:\/\/thinhvuonghome.vn\/greenskyline\/#\/schema\/logo\/image\/"}}]}},"_links":{"self":[{"href":"https:\/\/thinhvuonghome.vn\/greenskyline\/wp-json\/wp\/v2\/pages\/6191","targetHints":{"allow":["GET"]}}],"collection":[{"href":"https:\/\/thinhvuonghome.vn\/greenskyline\/wp-json\/wp\/v2\/pages"}],"about":[{"href":"https:\/\/thinhvuonghome.vn\/greenskyline\/wp-json\/wp\/v2\/types\/page"}],"author":[{"embeddable":true,"href":"https:\/\/thinhvuonghome.vn\/greenskyline\/wp-json\/wp\/v2\/users\/5"}],"replies":[{"embeddable":true,"href":"https:\/\/thinhvuonghome.vn\/greenskyline\/wp-json\/wp\/v2\/comments?post=6191"}],"version-history":[{"count":1,"href":"https:\/\/thinhvuonghome.vn\/greenskyline\/wp-json\/wp\/v2\/pages\/6191\/revisions"}],"predecessor-version":[{"id":6193,"href":"https:\/\/thinhvuonghome.vn\/greenskyline\/wp-json\/wp\/v2\/pages\/6191\/revisions\/6193"}],"wp:attachment":[{"href":"https:\/\/thinhvuonghome.vn\/greenskyline\/wp-json\/wp\/v2\/media?parent=6191"}],"curies":[{"name":"wp","href":"https:\/\/api.w.org\/{rel}","templated":true}]}}